{"id":15113,"date":"2022-11-20T21:39:17","date_gmt":"2022-11-20T21:39:17","guid":{"rendered":"https:\/\/artesaniasbatan.com.co\/?post_type=product&#038;p=15113"},"modified":"2022-11-20T23:47:38","modified_gmt":"2022-11-20T23:47:38","slug":"tapete-cana-flecha","status":"publish","type":"product","link":"https:\/\/artesaniasbatan.com.co\/index.php\/product\/tapete-cana-flecha\/","title":{"rendered":"Tapete ca\u00f1a flecha"},"content":{"rendered":"<p>Tapete ca\u00f1a flecha de la Sin\u00fa de Tuchin C\u00f3rdoba.<\/p>\n","protected":false},"excerpt":{"rendered":"<p>Tapete ca\u00f1a flecha de la Sin\u00fa de Tuchin C\u00f3rdoba.<\/p>\n","protected":false},"featured_media":15290,"comment_status":"open","ping_status":"closed","template":"","meta":{"om_disable_all_campaigns":false,"_mi_skip_tracking":false},"product_cat":[15,159,175],"product_tag":[],"aioseo_notices":[],"brands":[],"_links":{"self":[{"href":"https:\/\/artesaniasbatan.com.co\/index.php\/wp-json\/wp\/v2\/product\/15113"}],"collection":[{"href":"https:\/\/artesaniasbatan.com.co\/index.php\/wp-json\/wp\/v2\/product"}],"about":[{"href":"https:\/\/artesaniasbatan.com.co\/index.php\/wp-json\/wp\/v2\/types\/product"}],"replies":[{"embeddable":true,"href":"https:\/\/artesaniasbatan.com.co\/index.php\/wp-json\/wp\/v2\/comments?post=15113"}],"version-history":[{"count":1,"href":"https:\/\/artesaniasbatan.com.co\/index.php\/wp-json\/wp\/v2\/product\/15113\/revisions"}],"predecessor-version":[{"id":15122,"href":"https:\/\/artesaniasbatan.com.co\/index.php\/wp-json\/wp\/v2\/product\/15113\/revisions\/15122"}],"wp:featuredmedia":[{"embeddable":true,"href":"https:\/\/artesaniasbatan.com.co\/index.php\/wp-json\/wp\/v2\/media\/15290"}],"wp:attachment":[{"href":"https:\/\/artesaniasbatan.com.co\/index.php\/wp-json\/wp\/v2\/media?parent=15113"}],"wp:term":[{"taxonomy":"product_cat","embeddable":true,"href":"https:\/\/artesaniasbatan.com.co\/index.php\/wp-json\/wp\/v2\/product_cat?post=15113"},{"taxonomy":"product_tag","embeddable":true,"href":"https:\/\/artesaniasbatan.com.co\/index.php\/wp-json\/wp\/v2\/product_tag?post=15113"}],"curies":[{"name":"wp","href":"https:\/\/api.w.org\/{rel}","templated":true}]}}