{"id":15072,"date":"2022-11-20T21:39:14","date_gmt":"2022-11-20T21:39:14","guid":{"rendered":"https:\/\/artesaniasbatan.com.co\/?post_type=product&#038;p=15072"},"modified":"2022-11-21T00:12:46","modified_gmt":"2022-11-21T00:12:46","slug":"carriel-antioqueno-de-jerico-12-en-crudo","status":"publish","type":"product","link":"https:\/\/artesaniasbatan.com.co\/index.php\/product\/carriel-antioqueno-de-jerico-12-en-crudo\/","title":{"rendered":"Carriel Antioque\u00f1o de Jeric\u00f3 #12 en crudo"},"content":{"rendered":"<p>Carriel Antioque\u00f1o en puro cuero crudo #12<\/p>\n","protected":false},"excerpt":{"rendered":"<p>Carriel Antioque\u00f1o en puro cuero crudo #12<\/p>\n","protected":false},"featured_media":15299,"comment_status":"open","ping_status":"closed","template":"","meta":{"om_disable_all_campaigns":false,"_mi_skip_tracking":false},"product_cat":[146,148,175],"product_tag":[],"aioseo_notices":[],"brands":[],"_links":{"self":[{"href":"https:\/\/artesaniasbatan.com.co\/index.php\/wp-json\/wp\/v2\/product\/15072"}],"collection":[{"href":"https:\/\/artesaniasbatan.com.co\/index.php\/wp-json\/wp\/v2\/product"}],"about":[{"href":"https:\/\/artesaniasbatan.com.co\/index.php\/wp-json\/wp\/v2\/types\/product"}],"replies":[{"embeddable":true,"href":"https:\/\/artesaniasbatan.com.co\/index.php\/wp-json\/wp\/v2\/comments?post=15072"}],"version-history":[{"count":1,"href":"https:\/\/artesaniasbatan.com.co\/index.php\/wp-json\/wp\/v2\/product\/15072\/revisions"}],"predecessor-version":[{"id":15102,"href":"https:\/\/artesaniasbatan.com.co\/index.php\/wp-json\/wp\/v2\/product\/15072\/revisions\/15102"}],"wp:featuredmedia":[{"embeddable":true,"href":"https:\/\/artesaniasbatan.com.co\/index.php\/wp-json\/wp\/v2\/media\/15299"}],"wp:attachment":[{"href":"https:\/\/artesaniasbatan.com.co\/index.php\/wp-json\/wp\/v2\/media?parent=15072"}],"wp:term":[{"taxonomy":"product_cat","embeddable":true,"href":"https:\/\/artesaniasbatan.com.co\/index.php\/wp-json\/wp\/v2\/product_cat?post=15072"},{"taxonomy":"product_tag","embeddable":true,"href":"https:\/\/artesaniasbatan.com.co\/index.php\/wp-json\/wp\/v2\/product_tag?post=15072"}],"curies":[{"name":"wp","href":"https:\/\/api.w.org\/{rel}","templated":true}]}}