{"id":14988,"date":"2022-11-20T21:39:08","date_gmt":"2022-11-20T21:39:08","guid":{"rendered":"https:\/\/artesaniasbatan.com.co\/?post_type=product&#038;p=14988"},"modified":"2022-11-21T15:15:54","modified_gmt":"2022-11-21T15:15:54","slug":"plato-decorativo-pequeno","status":"publish","type":"product","link":"https:\/\/artesaniasbatan.com.co\/index.php\/product\/plato-decorativo-pequeno\/","title":{"rendered":"Plato Decorativo Peque\u00f1o"},"content":{"rendered":"<p>Plato Peque\u00f1o en Tamo Dise\u00f1o Campesino Colombiano.<\/p>\n","protected":false},"excerpt":{"rendered":"<p>Plato Peque\u00f1o en Tamo Dise\u00f1o Campesino Colombiano.<\/p>\n","protected":false},"featured_media":15303,"comment_status":"open","ping_status":"closed","template":"","meta":{"om_disable_all_campaigns":false,"_mi_skip_tracking":false},"product_cat":[165,134,148],"product_tag":[],"aioseo_notices":[],"brands":[],"_links":{"self":[{"href":"https:\/\/artesaniasbatan.com.co\/index.php\/wp-json\/wp\/v2\/product\/14988"}],"collection":[{"href":"https:\/\/artesaniasbatan.com.co\/index.php\/wp-json\/wp\/v2\/product"}],"about":[{"href":"https:\/\/artesaniasbatan.com.co\/index.php\/wp-json\/wp\/v2\/types\/product"}],"replies":[{"embeddable":true,"href":"https:\/\/artesaniasbatan.com.co\/index.php\/wp-json\/wp\/v2\/comments?post=14988"}],"version-history":[{"count":1,"href":"https:\/\/artesaniasbatan.com.co\/index.php\/wp-json\/wp\/v2\/product\/14988\/revisions"}],"predecessor-version":[{"id":15018,"href":"https:\/\/artesaniasbatan.com.co\/index.php\/wp-json\/wp\/v2\/product\/14988\/revisions\/15018"}],"wp:featuredmedia":[{"embeddable":true,"href":"https:\/\/artesaniasbatan.com.co\/index.php\/wp-json\/wp\/v2\/media\/15303"}],"wp:attachment":[{"href":"https:\/\/artesaniasbatan.com.co\/index.php\/wp-json\/wp\/v2\/media?parent=14988"}],"wp:term":[{"taxonomy":"product_cat","embeddable":true,"href":"https:\/\/artesaniasbatan.com.co\/index.php\/wp-json\/wp\/v2\/product_cat?post=14988"},{"taxonomy":"product_tag","embeddable":true,"href":"https:\/\/artesaniasbatan.com.co\/index.php\/wp-json\/wp\/v2\/product_tag?post=14988"}],"curies":[{"name":"wp","href":"https:\/\/api.w.org\/{rel}","templated":true}]}}