{"id":14949,"date":"2022-11-20T21:39:05","date_gmt":"2022-11-20T21:39:05","guid":{"rendered":"https:\/\/artesaniasbatan.com.co\/?post_type=product&#038;p=14949"},"modified":"2022-11-21T16:10:03","modified_gmt":"2022-11-21T16:10:03","slug":"cosmetiquera-tejida-wayuu-rectangular","status":"publish","type":"product","link":"https:\/\/artesaniasbatan.com.co\/index.php\/product\/cosmetiquera-tejida-wayuu-rectangular\/","title":{"rendered":"Cosmetiquera Tejida Wayu\u00fa Rectangular"},"content":{"rendered":"<p>Cosmetiquera con Dise\u00f1o y Confecci\u00f3n Wayuu.<\/p>\n","protected":false},"excerpt":{"rendered":"<p>Cosmetiquera con Dise\u00f1o y Confecci\u00f3n Wayuu.<\/p>\n","protected":false},"featured_media":15157,"comment_status":"open","ping_status":"closed","template":"","meta":{"om_disable_all_campaigns":false,"_mi_skip_tracking":false},"product_cat":[146,150],"product_tag":[],"aioseo_notices":[],"brands":[],"_links":{"self":[{"href":"https:\/\/artesaniasbatan.com.co\/index.php\/wp-json\/wp\/v2\/product\/14949"}],"collection":[{"href":"https:\/\/artesaniasbatan.com.co\/index.php\/wp-json\/wp\/v2\/product"}],"about":[{"href":"https:\/\/artesaniasbatan.com.co\/index.php\/wp-json\/wp\/v2\/types\/product"}],"replies":[{"embeddable":true,"href":"https:\/\/artesaniasbatan.com.co\/index.php\/wp-json\/wp\/v2\/comments?post=14949"}],"version-history":[{"count":1,"href":"https:\/\/artesaniasbatan.com.co\/index.php\/wp-json\/wp\/v2\/product\/14949\/revisions"}],"predecessor-version":[{"id":14979,"href":"https:\/\/artesaniasbatan.com.co\/index.php\/wp-json\/wp\/v2\/product\/14949\/revisions\/14979"}],"wp:featuredmedia":[{"embeddable":true,"href":"https:\/\/artesaniasbatan.com.co\/index.php\/wp-json\/wp\/v2\/media\/15157"}],"wp:attachment":[{"href":"https:\/\/artesaniasbatan.com.co\/index.php\/wp-json\/wp\/v2\/media?parent=14949"}],"wp:term":[{"taxonomy":"product_cat","embeddable":true,"href":"https:\/\/artesaniasbatan.com.co\/index.php\/wp-json\/wp\/v2\/product_cat?post=14949"},{"taxonomy":"product_tag","embeddable":true,"href":"https:\/\/artesaniasbatan.com.co\/index.php\/wp-json\/wp\/v2\/product_tag?post=14949"}],"curies":[{"name":"wp","href":"https:\/\/api.w.org\/{rel}","templated":true}]}}