{"id":14948,"date":"2022-11-20T21:39:05","date_gmt":"2022-11-20T21:39:05","guid":{"rendered":"https:\/\/artesaniasbatan.com.co\/?post_type=product&#038;p=14948"},"modified":"2022-11-21T16:06:16","modified_gmt":"2022-11-21T16:06:16","slug":"cosmetiquera-tejida-wayuu","status":"publish","type":"product","link":"https:\/\/artesaniasbatan.com.co\/index.php\/product\/cosmetiquera-tejida-wayuu\/","title":{"rendered":"Cosmetiquera Tejida Wayu\u00fa"},"content":{"rendered":"<p>Cosmetiquera con Dise\u00f1o y Confecci\u00f3n Wayuu.<\/p>\n","protected":false},"excerpt":{"rendered":"<p>Cosmetiquera con Dise\u00f1o y Confecci\u00f3n Wayuu.<\/p>\n","protected":false},"featured_media":15158,"comment_status":"open","ping_status":"closed","template":"","meta":{"om_disable_all_campaigns":false,"_mi_skip_tracking":false},"product_cat":[146,150],"product_tag":[],"aioseo_notices":[],"brands":[],"_links":{"self":[{"href":"https:\/\/artesaniasbatan.com.co\/index.php\/wp-json\/wp\/v2\/product\/14948"}],"collection":[{"href":"https:\/\/artesaniasbatan.com.co\/index.php\/wp-json\/wp\/v2\/product"}],"about":[{"href":"https:\/\/artesaniasbatan.com.co\/index.php\/wp-json\/wp\/v2\/types\/product"}],"replies":[{"embeddable":true,"href":"https:\/\/artesaniasbatan.com.co\/index.php\/wp-json\/wp\/v2\/comments?post=14948"}],"version-history":[{"count":1,"href":"https:\/\/artesaniasbatan.com.co\/index.php\/wp-json\/wp\/v2\/product\/14948\/revisions"}],"predecessor-version":[{"id":14978,"href":"https:\/\/artesaniasbatan.com.co\/index.php\/wp-json\/wp\/v2\/product\/14948\/revisions\/14978"}],"wp:featuredmedia":[{"embeddable":true,"href":"https:\/\/artesaniasbatan.com.co\/index.php\/wp-json\/wp\/v2\/media\/15158"}],"wp:attachment":[{"href":"https:\/\/artesaniasbatan.com.co\/index.php\/wp-json\/wp\/v2\/media?parent=14948"}],"wp:term":[{"taxonomy":"product_cat","embeddable":true,"href":"https:\/\/artesaniasbatan.com.co\/index.php\/wp-json\/wp\/v2\/product_cat?post=14948"},{"taxonomy":"product_tag","embeddable":true,"href":"https:\/\/artesaniasbatan.com.co\/index.php\/wp-json\/wp\/v2\/product_tag?post=14948"}],"curies":[{"name":"wp","href":"https:\/\/api.w.org\/{rel}","templated":true}]}}