{"id":14947,"date":"2022-11-20T21:39:05","date_gmt":"2022-11-20T21:39:05","guid":{"rendered":"https:\/\/artesaniasbatan.com.co\/?post_type=product&#038;p=14947"},"modified":"2022-11-21T16:01:46","modified_gmt":"2022-11-21T16:01:46","slug":"cartuchera-lapicera-en-cuero-y-cana-flecha","status":"publish","type":"product","link":"https:\/\/artesaniasbatan.com.co\/index.php\/product\/cartuchera-lapicera-en-cuero-y-cana-flecha\/","title":{"rendered":"Cartuchera Lapicera en Cuero y Ca\u00f1a Flecha"},"content":{"rendered":"<p>Cartuchera en Cuero y Tejido en Ca\u00f1a Flecha de la Cultura Zen\u00fa<\/p>\n","protected":false},"excerpt":{"rendered":"<p>Cartuchera en Cuero y Tejido en Ca\u00f1a Flecha de la Cultura Zen\u00fa<\/p>\n","protected":false},"featured_media":15147,"comment_status":"open","ping_status":"closed","template":"","meta":{"om_disable_all_campaigns":false,"_mi_skip_tracking":false},"product_cat":[146,150],"product_tag":[],"aioseo_notices":[],"brands":[],"_links":{"self":[{"href":"https:\/\/artesaniasbatan.com.co\/index.php\/wp-json\/wp\/v2\/product\/14947"}],"collection":[{"href":"https:\/\/artesaniasbatan.com.co\/index.php\/wp-json\/wp\/v2\/product"}],"about":[{"href":"https:\/\/artesaniasbatan.com.co\/index.php\/wp-json\/wp\/v2\/types\/product"}],"replies":[{"embeddable":true,"href":"https:\/\/artesaniasbatan.com.co\/index.php\/wp-json\/wp\/v2\/comments?post=14947"}],"version-history":[{"count":1,"href":"https:\/\/artesaniasbatan.com.co\/index.php\/wp-json\/wp\/v2\/product\/14947\/revisions"}],"predecessor-version":[{"id":14977,"href":"https:\/\/artesaniasbatan.com.co\/index.php\/wp-json\/wp\/v2\/product\/14947\/revisions\/14977"}],"wp:featuredmedia":[{"embeddable":true,"href":"https:\/\/artesaniasbatan.com.co\/index.php\/wp-json\/wp\/v2\/media\/15147"}],"wp:attachment":[{"href":"https:\/\/artesaniasbatan.com.co\/index.php\/wp-json\/wp\/v2\/media?parent=14947"}],"wp:term":[{"taxonomy":"product_cat","embeddable":true,"href":"https:\/\/artesaniasbatan.com.co\/index.php\/wp-json\/wp\/v2\/product_cat?post=14947"},{"taxonomy":"product_tag","embeddable":true,"href":"https:\/\/artesaniasbatan.com.co\/index.php\/wp-json\/wp\/v2\/product_tag?post=14947"}],"curies":[{"name":"wp","href":"https:\/\/api.w.org\/{rel}","templated":true}]}}