{"id":14938,"date":"2022-11-20T21:39:04","date_gmt":"2022-11-20T21:39:04","guid":{"rendered":"https:\/\/artesaniasbatan.com.co\/?post_type=product&#038;p=14938"},"modified":"2022-11-21T21:51:06","modified_gmt":"2022-11-21T21:51:06","slug":"bolso-en-cuero-azul-y-diseno-wayuu","status":"publish","type":"product","link":"https:\/\/artesaniasbatan.com.co\/index.php\/product\/bolso-en-cuero-azul-y-diseno-wayuu\/","title":{"rendered":"Bolso en Cuero Azul y Dise\u00f1o Wayu\u00fa"},"content":{"rendered":"<p>Bolso en Cuero Azul y Arte Textil de la Cultura Wayu\u00fa<\/p>\n","protected":false},"excerpt":{"rendered":"<p>Bolso en Cuero Azul y Arte Textil de la Cultura Wayu\u00fa<\/p>\n","protected":false},"featured_media":15134,"comment_status":"open","ping_status":"closed","template":"","meta":{"om_disable_all_campaigns":false,"_mi_skip_tracking":false},"product_cat":[146,150,175],"product_tag":[],"aioseo_notices":[],"brands":[],"_links":{"self":[{"href":"https:\/\/artesaniasbatan.com.co\/index.php\/wp-json\/wp\/v2\/product\/14938"}],"collection":[{"href":"https:\/\/artesaniasbatan.com.co\/index.php\/wp-json\/wp\/v2\/product"}],"about":[{"href":"https:\/\/artesaniasbatan.com.co\/index.php\/wp-json\/wp\/v2\/types\/product"}],"replies":[{"embeddable":true,"href":"https:\/\/artesaniasbatan.com.co\/index.php\/wp-json\/wp\/v2\/comments?post=14938"}],"version-history":[{"count":1,"href":"https:\/\/artesaniasbatan.com.co\/index.php\/wp-json\/wp\/v2\/product\/14938\/revisions"}],"predecessor-version":[{"id":14968,"href":"https:\/\/artesaniasbatan.com.co\/index.php\/wp-json\/wp\/v2\/product\/14938\/revisions\/14968"}],"wp:featuredmedia":[{"embeddable":true,"href":"https:\/\/artesaniasbatan.com.co\/index.php\/wp-json\/wp\/v2\/media\/15134"}],"wp:attachment":[{"href":"https:\/\/artesaniasbatan.com.co\/index.php\/wp-json\/wp\/v2\/media?parent=14938"}],"wp:term":[{"taxonomy":"product_cat","embeddable":true,"href":"https:\/\/artesaniasbatan.com.co\/index.php\/wp-json\/wp\/v2\/product_cat?post=14938"},{"taxonomy":"product_tag","embeddable":true,"href":"https:\/\/artesaniasbatan.com.co\/index.php\/wp-json\/wp\/v2\/product_tag?post=14938"}],"curies":[{"name":"wp","href":"https:\/\/api.w.org\/{rel}","templated":true}]}}