{"id":14894,"date":"2022-11-20T21:38:59","date_gmt":"2022-11-20T21:38:59","guid":{"rendered":"https:\/\/artesaniasbatan.com.co\/?post_type=product&#038;p=14894"},"modified":"2022-11-21T22:35:57","modified_gmt":"2022-11-21T22:35:57","slug":"jarra-ceramica","status":"publish","type":"product","link":"https:\/\/artesaniasbatan.com.co\/index.php\/product\/jarra-ceramica\/","title":{"rendered":"Jarra Cer\u00e1mica"},"content":{"rendered":"<p>Jarra Artesanal, Dise\u00f1o T\u00edpico Carmen del Viboral Blanco y Azul.<\/p>\n","protected":false},"excerpt":{"rendered":"<p>Jarra Artesanal, Dise\u00f1o T\u00edpico Carmen del Viboral Blanco y Azul.<\/p>\n","protected":false},"featured_media":15195,"comment_status":"open","ping_status":"closed","template":"","meta":{"om_disable_all_campaigns":false,"_mi_skip_tracking":false},"product_cat":[128,134],"product_tag":[],"aioseo_notices":[],"brands":[],"_links":{"self":[{"href":"https:\/\/artesaniasbatan.com.co\/index.php\/wp-json\/wp\/v2\/product\/14894"}],"collection":[{"href":"https:\/\/artesaniasbatan.com.co\/index.php\/wp-json\/wp\/v2\/product"}],"about":[{"href":"https:\/\/artesaniasbatan.com.co\/index.php\/wp-json\/wp\/v2\/types\/product"}],"replies":[{"embeddable":true,"href":"https:\/\/artesaniasbatan.com.co\/index.php\/wp-json\/wp\/v2\/comments?post=14894"}],"version-history":[{"count":1,"href":"https:\/\/artesaniasbatan.com.co\/index.php\/wp-json\/wp\/v2\/product\/14894\/revisions"}],"predecessor-version":[{"id":14924,"href":"https:\/\/artesaniasbatan.com.co\/index.php\/wp-json\/wp\/v2\/product\/14894\/revisions\/14924"}],"wp:featuredmedia":[{"embeddable":true,"href":"https:\/\/artesaniasbatan.com.co\/index.php\/wp-json\/wp\/v2\/media\/15195"}],"wp:attachment":[{"href":"https:\/\/artesaniasbatan.com.co\/index.php\/wp-json\/wp\/v2\/media?parent=14894"}],"wp:term":[{"taxonomy":"product_cat","embeddable":true,"href":"https:\/\/artesaniasbatan.com.co\/index.php\/wp-json\/wp\/v2\/product_cat?post=14894"},{"taxonomy":"product_tag","embeddable":true,"href":"https:\/\/artesaniasbatan.com.co\/index.php\/wp-json\/wp\/v2\/product_tag?post=14894"}],"curies":[{"name":"wp","href":"https:\/\/api.w.org\/{rel}","templated":true}]}}