{"id":14880,"date":"2022-11-20T21:38:58","date_gmt":"2022-11-20T21:38:58","guid":{"rendered":"https:\/\/artesaniasbatan.com.co\/?post_type=product&#038;p=14880"},"modified":"2022-11-21T22:41:13","modified_gmt":"2022-11-21T22:41:13","slug":"plato-precolombino-en-ceramica-pequeno","status":"publish","type":"product","link":"https:\/\/artesaniasbatan.com.co\/index.php\/product\/plato-precolombino-en-ceramica-pequeno\/","title":{"rendered":"Plato precolombino en cer\u00e1mica peque\u00f1o"},"content":{"rendered":"<p>Plato precolombino en cer\u00e1mica del departamento de Nari\u00f1o.<\/p>\n","protected":false},"excerpt":{"rendered":"<p>Plato precolombino en cer\u00e1mica del departamento de Nari\u00f1o.<\/p>\n","protected":false},"featured_media":15235,"comment_status":"open","ping_status":"closed","template":"","meta":{"om_disable_all_campaigns":false,"_mi_skip_tracking":false},"product_cat":[128,165,134,148],"product_tag":[176,190,179],"aioseo_notices":[],"brands":[],"_links":{"self":[{"href":"https:\/\/artesaniasbatan.com.co\/index.php\/wp-json\/wp\/v2\/product\/14880"}],"collection":[{"href":"https:\/\/artesaniasbatan.com.co\/index.php\/wp-json\/wp\/v2\/product"}],"about":[{"href":"https:\/\/artesaniasbatan.com.co\/index.php\/wp-json\/wp\/v2\/types\/product"}],"replies":[{"embeddable":true,"href":"https:\/\/artesaniasbatan.com.co\/index.php\/wp-json\/wp\/v2\/comments?post=14880"}],"version-history":[{"count":1,"href":"https:\/\/artesaniasbatan.com.co\/index.php\/wp-json\/wp\/v2\/product\/14880\/revisions"}],"predecessor-version":[{"id":14910,"href":"https:\/\/artesaniasbatan.com.co\/index.php\/wp-json\/wp\/v2\/product\/14880\/revisions\/14910"}],"wp:featuredmedia":[{"embeddable":true,"href":"https:\/\/artesaniasbatan.com.co\/index.php\/wp-json\/wp\/v2\/media\/15235"}],"wp:attachment":[{"href":"https:\/\/artesaniasbatan.com.co\/index.php\/wp-json\/wp\/v2\/media?parent=14880"}],"wp:term":[{"taxonomy":"product_cat","embeddable":true,"href":"https:\/\/artesaniasbatan.com.co\/index.php\/wp-json\/wp\/v2\/product_cat?post=14880"},{"taxonomy":"product_tag","embeddable":true,"href":"https:\/\/artesaniasbatan.com.co\/index.php\/wp-json\/wp\/v2\/product_tag?post=14880"}],"curies":[{"name":"wp","href":"https:\/\/api.w.org\/{rel}","templated":true}]}}