{"id":14879,"date":"2022-11-20T21:38:58","date_gmt":"2022-11-20T21:38:58","guid":{"rendered":"https:\/\/artesaniasbatan.com.co\/?post_type=product&#038;p=14879"},"modified":"2022-11-21T22:44:06","modified_gmt":"2022-11-21T22:44:06","slug":"figura-ceramica-san-agustin-pequena","status":"publish","type":"product","link":"https:\/\/artesaniasbatan.com.co\/index.php\/product\/figura-ceramica-san-agustin-pequena\/","title":{"rendered":"Figura cer\u00e1mica San Agust\u00edn peque\u00f1a"},"content":{"rendered":"<p>Figura cer\u00e1mica San Agust\u00edn peque\u00f1a.<\/p>\n","protected":false},"excerpt":{"rendered":"<p>Figura cer\u00e1mica San Agust\u00edn peque\u00f1a.<\/p>\n","protected":false},"featured_media":15169,"comment_status":"open","ping_status":"closed","template":"","meta":{"om_disable_all_campaigns":false,"_mi_skip_tracking":false},"product_cat":[128,165,148],"product_tag":[176,190,179],"aioseo_notices":[],"brands":[],"_links":{"self":[{"href":"https:\/\/artesaniasbatan.com.co\/index.php\/wp-json\/wp\/v2\/product\/14879"}],"collection":[{"href":"https:\/\/artesaniasbatan.com.co\/index.php\/wp-json\/wp\/v2\/product"}],"about":[{"href":"https:\/\/artesaniasbatan.com.co\/index.php\/wp-json\/wp\/v2\/types\/product"}],"replies":[{"embeddable":true,"href":"https:\/\/artesaniasbatan.com.co\/index.php\/wp-json\/wp\/v2\/comments?post=14879"}],"version-history":[{"count":1,"href":"https:\/\/artesaniasbatan.com.co\/index.php\/wp-json\/wp\/v2\/product\/14879\/revisions"}],"predecessor-version":[{"id":14909,"href":"https:\/\/artesaniasbatan.com.co\/index.php\/wp-json\/wp\/v2\/product\/14879\/revisions\/14909"}],"wp:featuredmedia":[{"embeddable":true,"href":"https:\/\/artesaniasbatan.com.co\/index.php\/wp-json\/wp\/v2\/media\/15169"}],"wp:attachment":[{"href":"https:\/\/artesaniasbatan.com.co\/index.php\/wp-json\/wp\/v2\/media?parent=14879"}],"wp:term":[{"taxonomy":"product_cat","embeddable":true,"href":"https:\/\/artesaniasbatan.com.co\/index.php\/wp-json\/wp\/v2\/product_cat?post=14879"},{"taxonomy":"product_tag","embeddable":true,"href":"https:\/\/artesaniasbatan.com.co\/index.php\/wp-json\/wp\/v2\/product_tag?post=14879"}],"curies":[{"name":"wp","href":"https:\/\/api.w.org\/{rel}","templated":true}]}}