{"id":14878,"date":"2022-11-20T21:38:58","date_gmt":"2022-11-20T21:38:58","guid":{"rendered":"https:\/\/artesaniasbatan.com.co\/?post_type=product&#038;p=14878"},"modified":"2022-11-22T01:56:08","modified_gmt":"2022-11-22T01:56:08","slug":"cacique-tayrona-en-bano-de-oro-y-marmol","status":"publish","type":"product","link":"https:\/\/artesaniasbatan.com.co\/index.php\/product\/cacique-tayrona-en-bano-de-oro-y-marmol\/","title":{"rendered":"Cacique Tayrona en ba\u00f1o de oro y marm\u00f3l"},"content":{"rendered":"<p>Cacique Tayrona en ba\u00f1o de oro y m\u00e1rmol<\/p>\n","protected":false},"excerpt":{"rendered":"<p>Cacique Tayrona en ba\u00f1o de oro y marm\u00f3l<\/p>\n","protected":false},"featured_media":15142,"comment_status":"open","ping_status":"closed","template":"","meta":{"om_disable_all_campaigns":false,"_mi_skip_tracking":false},"product_cat":[165,148,154],"product_tag":[176,179],"aioseo_notices":[],"brands":[],"_links":{"self":[{"href":"https:\/\/artesaniasbatan.com.co\/index.php\/wp-json\/wp\/v2\/product\/14878"}],"collection":[{"href":"https:\/\/artesaniasbatan.com.co\/index.php\/wp-json\/wp\/v2\/product"}],"about":[{"href":"https:\/\/artesaniasbatan.com.co\/index.php\/wp-json\/wp\/v2\/types\/product"}],"replies":[{"embeddable":true,"href":"https:\/\/artesaniasbatan.com.co\/index.php\/wp-json\/wp\/v2\/comments?post=14878"}],"version-history":[{"count":1,"href":"https:\/\/artesaniasbatan.com.co\/index.php\/wp-json\/wp\/v2\/product\/14878\/revisions"}],"predecessor-version":[{"id":14908,"href":"https:\/\/artesaniasbatan.com.co\/index.php\/wp-json\/wp\/v2\/product\/14878\/revisions\/14908"}],"wp:featuredmedia":[{"embeddable":true,"href":"https:\/\/artesaniasbatan.com.co\/index.php\/wp-json\/wp\/v2\/media\/15142"}],"wp:attachment":[{"href":"https:\/\/artesaniasbatan.com.co\/index.php\/wp-json\/wp\/v2\/media?parent=14878"}],"wp:term":[{"taxonomy":"product_cat","embeddable":true,"href":"https:\/\/artesaniasbatan.com.co\/index.php\/wp-json\/wp\/v2\/product_cat?post=14878"},{"taxonomy":"product_tag","embeddable":true,"href":"https:\/\/artesaniasbatan.com.co\/index.php\/wp-json\/wp\/v2\/product_tag?post=14878"}],"curies":[{"name":"wp","href":"https:\/\/api.w.org\/{rel}","templated":true}]}}