{"id":14877,"date":"2022-11-20T21:38:58","date_gmt":"2022-11-20T21:38:58","guid":{"rendered":"https:\/\/artesaniasbatan.com.co\/?post_type=product&#038;p=14877"},"modified":"2022-11-21T22:49:24","modified_gmt":"2022-11-21T22:49:24","slug":"balsa-muisca-pequena","status":"publish","type":"product","link":"https:\/\/artesaniasbatan.com.co\/index.php\/product\/balsa-muisca-pequena\/","title":{"rendered":"Balsa M\u00faisca peque\u00f1a"},"content":{"rendered":"<p>Balsa M\u00faisca ba\u00f1o de oro en base de madera peque\u00f1a<\/p>\n","protected":false},"excerpt":{"rendered":"<p>Balsa M\u00faisca ba\u00f1o de oro en base de madera peque\u00f1a<\/p>\n","protected":false},"featured_media":15126,"comment_status":"open","ping_status":"closed","template":"","meta":{"om_disable_all_campaigns":false,"_mi_skip_tracking":false},"product_cat":[165,148,154],"product_tag":[176,177,179],"aioseo_notices":[],"brands":[],"_links":{"self":[{"href":"https:\/\/artesaniasbatan.com.co\/index.php\/wp-json\/wp\/v2\/product\/14877"}],"collection":[{"href":"https:\/\/artesaniasbatan.com.co\/index.php\/wp-json\/wp\/v2\/product"}],"about":[{"href":"https:\/\/artesaniasbatan.com.co\/index.php\/wp-json\/wp\/v2\/types\/product"}],"replies":[{"embeddable":true,"href":"https:\/\/artesaniasbatan.com.co\/index.php\/wp-json\/wp\/v2\/comments?post=14877"}],"version-history":[{"count":1,"href":"https:\/\/artesaniasbatan.com.co\/index.php\/wp-json\/wp\/v2\/product\/14877\/revisions"}],"predecessor-version":[{"id":14907,"href":"https:\/\/artesaniasbatan.com.co\/index.php\/wp-json\/wp\/v2\/product\/14877\/revisions\/14907"}],"wp:featuredmedia":[{"embeddable":true,"href":"https:\/\/artesaniasbatan.com.co\/index.php\/wp-json\/wp\/v2\/media\/15126"}],"wp:attachment":[{"href":"https:\/\/artesaniasbatan.com.co\/index.php\/wp-json\/wp\/v2\/media?parent=14877"}],"wp:term":[{"taxonomy":"product_cat","embeddable":true,"href":"https:\/\/artesaniasbatan.com.co\/index.php\/wp-json\/wp\/v2\/product_cat?post=14877"},{"taxonomy":"product_tag","embeddable":true,"href":"https:\/\/artesaniasbatan.com.co\/index.php\/wp-json\/wp\/v2\/product_tag?post=14877"}],"curies":[{"name":"wp","href":"https:\/\/api.w.org\/{rel}","templated":true}]}}