{"id":14835,"date":"2022-11-20T21:38:39","date_gmt":"2022-11-20T21:38:39","guid":{"rendered":"https:\/\/artesaniasbatan.com.co\/?post_type=product&#038;p=14835"},"modified":"2022-11-22T00:01:54","modified_gmt":"2022-11-22T00:01:54","slug":"bandeja-de-servicio-en-madera-manija-metalica-forrada-en-canaflecha-y-resina","status":"publish","type":"product","link":"https:\/\/artesaniasbatan.com.co\/index.php\/product\/bandeja-de-servicio-en-madera-manija-metalica-forrada-en-canaflecha-y-resina\/","title":{"rendered":"Bandeja de servicio en madera manija met\u00e1lica forrada en ca\u00f1a flecha y resina"},"content":{"rendered":"<p>Bandeja de servicio en madera forrada en ca\u00f1aflecha y resina<\/p>\n","protected":false},"excerpt":{"rendered":"<p>Bandeja de servicio en madera forrada en ca\u00f1aflecha y resina<\/p>\n","protected":false},"featured_media":15128,"comment_status":"open","ping_status":"closed","template":"","meta":{"om_disable_all_campaigns":false,"_mi_skip_tracking":false},"product_cat":[134,146,154],"product_tag":[176,177],"aioseo_notices":[],"brands":[],"_links":{"self":[{"href":"https:\/\/artesaniasbatan.com.co\/index.php\/wp-json\/wp\/v2\/product\/14835"}],"collection":[{"href":"https:\/\/artesaniasbatan.com.co\/index.php\/wp-json\/wp\/v2\/product"}],"about":[{"href":"https:\/\/artesaniasbatan.com.co\/index.php\/wp-json\/wp\/v2\/types\/product"}],"replies":[{"embeddable":true,"href":"https:\/\/artesaniasbatan.com.co\/index.php\/wp-json\/wp\/v2\/comments?post=14835"}],"version-history":[{"count":3,"href":"https:\/\/artesaniasbatan.com.co\/index.php\/wp-json\/wp\/v2\/product\/14835\/revisions"}],"predecessor-version":[{"id":15308,"href":"https:\/\/artesaniasbatan.com.co\/index.php\/wp-json\/wp\/v2\/product\/14835\/revisions\/15308"}],"wp:featuredmedia":[{"embeddable":true,"href":"https:\/\/artesaniasbatan.com.co\/index.php\/wp-json\/wp\/v2\/media\/15128"}],"wp:attachment":[{"href":"https:\/\/artesaniasbatan.com.co\/index.php\/wp-json\/wp\/v2\/media?parent=14835"}],"wp:term":[{"taxonomy":"product_cat","embeddable":true,"href":"https:\/\/artesaniasbatan.com.co\/index.php\/wp-json\/wp\/v2\/product_cat?post=14835"},{"taxonomy":"product_tag","embeddable":true,"href":"https:\/\/artesaniasbatan.com.co\/index.php\/wp-json\/wp\/v2\/product_tag?post=14835"}],"curies":[{"name":"wp","href":"https:\/\/api.w.org\/{rel}","templated":true}]}}