{"id":14816,"date":"2022-11-20T21:38:38","date_gmt":"2022-11-20T21:38:38","guid":{"rendered":"https:\/\/artesaniasbatan.com.co\/?post_type=product&#038;p=14816"},"modified":"2022-11-22T14:07:52","modified_gmt":"2022-11-22T14:07:52","slug":"caja-de-lapices-madera-resinada","status":"publish","type":"product","link":"https:\/\/artesaniasbatan.com.co\/index.php\/product\/caja-de-lapices-madera-resinada\/","title":{"rendered":"Caja de l\u00e1pices madera resinada"},"content":{"rendered":"<p>Producto representativo aut\u00f3ctono de la cultura Kog\u00fci ubicada al nororiente Colombiano en madera y resina<\/p>\n","protected":false},"excerpt":{"rendered":"<p>Producto representativo aut\u00f3ctono de la cultura Kog\u00fci ubicada al nororiente Colombiano en madera y resina<\/p>\n","protected":false},"featured_media":15244,"comment_status":"open","ping_status":"closed","template":"","meta":{"om_disable_all_campaigns":false,"_mi_skip_tracking":false},"product_cat":[146,148,154],"product_tag":[176,177,179],"aioseo_notices":[],"brands":[],"_links":{"self":[{"href":"https:\/\/artesaniasbatan.com.co\/index.php\/wp-json\/wp\/v2\/product\/14816"}],"collection":[{"href":"https:\/\/artesaniasbatan.com.co\/index.php\/wp-json\/wp\/v2\/product"}],"about":[{"href":"https:\/\/artesaniasbatan.com.co\/index.php\/wp-json\/wp\/v2\/types\/product"}],"replies":[{"embeddable":true,"href":"https:\/\/artesaniasbatan.com.co\/index.php\/wp-json\/wp\/v2\/comments?post=14816"}],"version-history":[{"count":1,"href":"https:\/\/artesaniasbatan.com.co\/index.php\/wp-json\/wp\/v2\/product\/14816\/revisions"}],"predecessor-version":[{"id":14846,"href":"https:\/\/artesaniasbatan.com.co\/index.php\/wp-json\/wp\/v2\/product\/14816\/revisions\/14846"}],"wp:featuredmedia":[{"embeddable":true,"href":"https:\/\/artesaniasbatan.com.co\/index.php\/wp-json\/wp\/v2\/media\/15244"}],"wp:attachment":[{"href":"https:\/\/artesaniasbatan.com.co\/index.php\/wp-json\/wp\/v2\/media?parent=14816"}],"wp:term":[{"taxonomy":"product_cat","embeddable":true,"href":"https:\/\/artesaniasbatan.com.co\/index.php\/wp-json\/wp\/v2\/product_cat?post=14816"},{"taxonomy":"product_tag","embeddable":true,"href":"https:\/\/artesaniasbatan.com.co\/index.php\/wp-json\/wp\/v2\/product_tag?post=14816"}],"curies":[{"name":"wp","href":"https:\/\/api.w.org\/{rel}","templated":true}]}}