{"id":7407,"date":"2022-06-29T05:23:47","date_gmt":"2022-06-29T05:23:47","guid":{"rendered":"http:\/\/192.168.1.10\/umart\/?page_id=7407"},"modified":"2022-11-19T23:57:31","modified_gmt":"2022-11-19T23:57:31","slug":"nosotros","status":"publish","type":"page","link":"https:\/\/artesaniasbatan.com.co\/index.php\/nosotros\/","title":{"rendered":"Nosotros"},"content":{"rendered":"\t\t<div data-elementor-type=\"wp-page\" data-elementor-id=\"7407\" class=\"elementor elementor-7407\">\n\t\t\t\t\t\t\t\t\t<section class=\"elementor-section elementor-top-section elementor-element elementor-element-7288068 elementor-section-boxed elementor-section-height-default elementor-section-height-default\" data-id=\"7288068\" data-element_type=\"section\">\n\t\t\t\t\t\t<div class=\"elementor-container elementor-column-gap-default\">\n\t\t\t\t\t<div class=\"elementor-column elementor-col-50 elementor-top-column elementor-element elementor-element-436c7cd\" data-id=\"436c7cd\" data-element_type=\"column\">\n\t\t\t<div class=\"elementor-widget-wrap elementor-element-populated\">\n\t\t\t\t\t\t\t\t<div class=\"elementor-element elementor-element-7d543c5 elementor-widget elementor-widget-image\" data-id=\"7d543c5\" data-element_type=\"widget\" data-widget_type=\"image.default\">\n\t\t\t\t<div class=\"elementor-widget-container\">\n\t\t\t<style>\/*! elementor - v3.8.1 - 13-11-2022 *\/\n.elementor-widget-image{text-align:center}.elementor-widget-image a{display:inline-block}.elementor-widget-image a img[src$=\".svg\"]{width:48px}.elementor-widget-image img{vertical-align:middle;display:inline-block}<\/style>\t\t\t\t\t\t\t\t\t\t\t\t<img decoding=\"async\" width=\"640\" height=\"454\" src=\"https:\/\/artesaniasbatan.com.co\/wp-content\/uploads\/2022\/11\/Nosotros1-1024x726.jpg\" class=\"attachment-large size-large\" alt=\"\" loading=\"lazy\" srcset=\"https:\/\/artesaniasbatan.com.co\/wp-content\/uploads\/2022\/11\/Nosotros1-1024x726.jpg 1024w, https:\/\/artesaniasbatan.com.co\/wp-content\/uploads\/2022\/11\/Nosotros1-300x213.jpg 300w, https:\/\/artesaniasbatan.com.co\/wp-content\/uploads\/2022\/11\/Nosotros1-768x545.jpg 768w, https:\/\/artesaniasbatan.com.co\/wp-content\/uploads\/2022\/11\/Nosotros1-600x426.jpg 600w, https:\/\/artesaniasbatan.com.co\/wp-content\/uploads\/2022\/11\/Nosotros1.jpg 1200w\" sizes=\"(max-width: 640px) 100vw, 640px\" \/>\t\t\t\t\t\t\t\t\t\t\t\t\t\t\t<\/div>\n\t\t\t\t<\/div>\n\t\t\t\t\t<\/div>\n\t\t<\/div>\n\t\t\t\t<div class=\"elementor-column elementor-col-50 elementor-top-column elementor-element elementor-element-ad6f84b\" data-id=\"ad6f84b\" data-element_type=\"column\">\n\t\t\t<div class=\"elementor-widget-wrap elementor-element-populated\">\n\t\t\t\t\t\t\t\t<div class=\"elementor-element elementor-element-bfe54ae elementor-widget elementor-widget-image\" data-id=\"bfe54ae\" data-element_type=\"widget\" data-widget_type=\"image.default\">\n\t\t\t\t<div class=\"elementor-widget-container\">\n\t\t\t\t\t\t\t\t\t\t\t\t\t\t\t<img decoding=\"async\" width=\"640\" height=\"454\" src=\"https:\/\/artesaniasbatan.com.co\/wp-content\/uploads\/2022\/11\/Nosotros3-1024x726.jpg\" class=\"attachment-large size-large\" alt=\"\" loading=\"lazy\" srcset=\"https:\/\/artesaniasbatan.com.co\/wp-content\/uploads\/2022\/11\/Nosotros3-1024x726.jpg 1024w, https:\/\/artesaniasbatan.com.co\/wp-content\/uploads\/2022\/11\/Nosotros3-300x213.jpg 300w, https:\/\/artesaniasbatan.com.co\/wp-content\/uploads\/2022\/11\/Nosotros3-768x545.jpg 768w, https:\/\/artesaniasbatan.com.co\/wp-content\/uploads\/2022\/11\/Nosotros3-600x426.jpg 600w, https:\/\/artesaniasbatan.com.co\/wp-content\/uploads\/2022\/11\/Nosotros3.jpg 1200w\" sizes=\"(max-width: 640px) 100vw, 640px\" \/>\t\t\t\t\t\t\t\t\t\t\t\t\t\t\t<\/div>\n\t\t\t\t<\/div>\n\t\t\t\t\t<\/div>\n\t\t<\/div>\n\t\t\t\t\t\t\t<\/div>\n\t\t<\/section>\n\t\t\t\t<section class=\"elementor-section elementor-top-section elementor-element elementor-element-c8a2363 elementor-section-boxed elementor-section-height-default elementor-section-height-default\" data-id=\"c8a2363\" data-element_type=\"section\" data-settings=\"{&quot;background_background&quot;:&quot;classic&quot;}\">\n\t\t\t\t\t\t<div class=\"elementor-container elementor-column-gap-no\">\n\t\t\t\t\t<div class=\"elementor-column elementor-col-100 elementor-top-column elementor-element elementor-element-e95cf43\" data-id=\"e95cf43\" data-element_type=\"column\" data-settings=\"{&quot;background_background&quot;:&quot;classic&quot;}\">\n\t\t\t<div class=\"elementor-widget-wrap elementor-element-populated\">\n\t\t\t\t\t\t\t\t<div class=\"elementor-element elementor-element-eff3ef1 elementor-widget elementor-widget-react-heading\" data-id=\"eff3ef1\" data-element_type=\"widget\" data-widget_type=\"react-heading.default\">\n\t\t\t\t<div class=\"elementor-widget-container\">\n\t\t\t\t  \r\n        <div class=\"react-heading style13 center\">\r\n        \t<div class=\"title-inner no\">        \t\t      \t\t\r\n\t            <div class=\"sub-content\"><img decoding=\"async\" class=\"line-1-img\" src=\"https:\/\/reactheme.com\/products\/wordpress\/weiboo\/wp-content\/uploads\/2022\/08\/wvbo-icon.png\" alt=\"title-image\" \/><span class=\"sub-text \">Desde 1967<\/span><\/div><h2 class=\"title\"><span class=\"watermark\"><\/span>Sobre Nosotros<\/h2>\t        <\/div>\r\n\t        \r\n\t            \r\n        <\/div>\r\n        \t\t<\/div>\n\t\t\t\t<\/div>\n\t\t\t\t\t<\/div>\n\t\t<\/div>\n\t\t\t\t\t\t\t<\/div>\n\t\t<\/section>\n\t\t\t\t<section class=\"elementor-section elementor-top-section elementor-element elementor-element-10f2076 elementor-section-boxed elementor-section-height-default elementor-section-height-default\" data-id=\"10f2076\" data-element_type=\"section\">\n\t\t\t\t\t\t<div class=\"elementor-container elementor-column-gap-default\">\n\t\t\t\t\t<div class=\"elementor-column elementor-col-50 elementor-top-column elementor-element elementor-element-87e31de\" data-id=\"87e31de\" data-element_type=\"column\">\n\t\t\t<div class=\"elementor-widget-wrap elementor-element-populated\">\n\t\t\t\t\t\t\t\t<div class=\"elementor-element elementor-element-e4c5af5 elementor-widget elementor-widget-text-editor\" data-id=\"e4c5af5\" data-element_type=\"widget\" data-widget_type=\"text-editor.default\">\n\t\t\t\t<div class=\"elementor-widget-container\">\n\t\t\t<style>\/*! elementor - v3.8.1 - 13-11-2022 *\/\n.elementor-widget-text-editor.elementor-drop-cap-view-stacked .elementor-drop-cap{background-color:#818a91;color:#fff}.elementor-widget-text-editor.elementor-drop-cap-view-framed .elementor-drop-cap{color:#818a91;border:3px solid;background-color:transparent}.elementor-widget-text-editor:not(.elementor-drop-cap-view-default) .elementor-drop-cap{margin-top:8px}.elementor-widget-text-editor:not(.elementor-drop-cap-view-default) .elementor-drop-cap-letter{width:1em;height:1em}.elementor-widget-text-editor .elementor-drop-cap{float:left;text-align:center;line-height:1;font-size:50px}.elementor-widget-text-editor .elementor-drop-cap-letter{display:inline-block}<\/style>\t\t\t\t<p>Artesan\u00edas Bat\u00e1n naci\u00f3 en 1967 buscando traer una peque\u00f1a parte de cada rinc\u00f3n en Colombia junto a su cultura diversa y las piezas \u00fanicas en las regiones de nuestro pa\u00eds.\u00a0 Con cada pieza \u00fanica, buscando ofrecer una experiencia \u00fanica al cliente, logrando que se lleven una parte de Colombia con cada pieza, contando con un relato y una experiencia diferente.<\/p>\t\t\t\t\t\t<\/div>\n\t\t\t\t<\/div>\n\t\t\t\t\t<\/div>\n\t\t<\/div>\n\t\t\t\t<div class=\"elementor-column elementor-col-50 elementor-top-column elementor-element elementor-element-c1392e8\" data-id=\"c1392e8\" data-element_type=\"column\">\n\t\t\t<div class=\"elementor-widget-wrap elementor-element-populated\">\n\t\t\t\t\t\t\t\t<div class=\"elementor-element elementor-element-f357ba0 elementor-widget elementor-widget-text-editor\" data-id=\"f357ba0\" data-element_type=\"widget\" data-widget_type=\"text-editor.default\">\n\t\t\t\t<div class=\"elementor-widget-container\">\n\t\t\t\t\t\t\t<p>Desde Artesan\u00edas Bat\u00e1n, se apoya a cada artesano que decide ser parte, por medio de la generaci\u00f3n de puentes con diferentes puntos a trav\u00e9s del pa\u00eds para el fortalecimiento de sus emprendimientos, teniendo como objetivo la creaci\u00f3n de redes conjuntas en torno a la cultura colombiana.<\/p>\t\t\t\t\t\t<\/div>\n\t\t\t\t<\/div>\n\t\t\t\t\t<\/div>\n\t\t<\/div>\n\t\t\t\t\t\t\t<\/div>\n\t\t<\/section>\n\t\t\t\t<section class=\"elementor-section elementor-top-section elementor-element elementor-element-adf5b99 elementor-section-stretched elementor-section-boxed elementor-section-height-default elementor-section-height-default\" data-id=\"adf5b99\" data-element_type=\"section\" data-settings=\"{&quot;background_background&quot;:&quot;classic&quot;,&quot;stretch_section&quot;:&quot;section-stretched&quot;}\">\n\t\t\t\t\t\t<div class=\"elementor-container elementor-column-gap-default\">\n\t\t\t\t\t<div class=\"elementor-column elementor-col-100 elementor-top-column elementor-element elementor-element-a45b38e\" data-id=\"a45b38e\" data-element_type=\"column\">\n\t\t\t<div class=\"elementor-widget-wrap elementor-element-populated\">\n\t\t\t\t\t\t\t\t<section class=\"elementor-section elementor-inner-section elementor-element elementor-element-45c3893 elementor-section-boxed elementor-section-height-default elementor-section-height-default\" data-id=\"45c3893\" data-element_type=\"section\">\n\t\t\t\t\t\t<div class=\"elementor-container elementor-column-gap-default\">\n\t\t\t\t\t<div class=\"elementor-column elementor-col-50 elementor-inner-column elementor-element elementor-element-f80476e\" data-id=\"f80476e\" data-element_type=\"column\">\n\t\t\t<div class=\"elementor-widget-wrap elementor-element-populated\">\n\t\t\t\t\t\t\t\t<div class=\"elementor-element elementor-element-f8493a9 elementor-widget elementor-widget-image\" data-id=\"f8493a9\" data-element_type=\"widget\" data-widget_type=\"image.default\">\n\t\t\t\t<div class=\"elementor-widget-container\">\n\t\t\t\t\t\t\t\t\t\t\t\t\t\t\t<img decoding=\"async\" width=\"640\" height=\"454\" src=\"https:\/\/artesaniasbatan.com.co\/wp-content\/uploads\/2022\/11\/Nosotros2-1024x726.jpg\" class=\"attachment-large size-large\" alt=\"\" loading=\"lazy\" srcset=\"https:\/\/artesaniasbatan.com.co\/wp-content\/uploads\/2022\/11\/Nosotros2-1024x726.jpg 1024w, https:\/\/artesaniasbatan.com.co\/wp-content\/uploads\/2022\/11\/Nosotros2-300x213.jpg 300w, https:\/\/artesaniasbatan.com.co\/wp-content\/uploads\/2022\/11\/Nosotros2-768x545.jpg 768w, https:\/\/artesaniasbatan.com.co\/wp-content\/uploads\/2022\/11\/Nosotros2-600x426.jpg 600w, https:\/\/artesaniasbatan.com.co\/wp-content\/uploads\/2022\/11\/Nosotros2.jpg 1200w\" sizes=\"(max-width: 640px) 100vw, 640px\" \/>\t\t\t\t\t\t\t\t\t\t\t\t\t\t\t<\/div>\n\t\t\t\t<\/div>\n\t\t\t\t\t<\/div>\n\t\t<\/div>\n\t\t\t\t<div class=\"elementor-column elementor-col-50 elementor-inner-column elementor-element elementor-element-3952ff0\" data-id=\"3952ff0\" data-element_type=\"column\">\n\t\t\t<div class=\"elementor-widget-wrap elementor-element-populated\">\n\t\t\t\t\t\t\t\t<div class=\"elementor-element elementor-element-3dacb60 elementor-widget elementor-widget-react-heading\" data-id=\"3dacb60\" data-element_type=\"widget\" data-widget_type=\"react-heading.default\">\n\t\t\t\t<div class=\"elementor-widget-container\">\n\t\t\t\t  \r\n        <div class=\"react-heading style13 \">\r\n        \t<div class=\"title-inner no\">        \t\t      \t\t\r\n\t            <div class=\"sub-content\"><img decoding=\"async\" class=\"line-1-img\" src=\"https:\/\/reactheme.com\/products\/wordpress\/weiboo\/wp-content\/uploads\/2022\/08\/wvbo-icon.png\" alt=\"title-image\" \/><span class=\"sub-text \">Calidad garantizada<\/span><\/div><h2 class=\"title\"><span class=\"watermark\"><\/span>\u00bfPor qu\u00e9 escogernos?<\/h2>\t        <\/div>\r\n\t        \r\n\t            \r\n        <\/div>\r\n        \t\t<\/div>\n\t\t\t\t<\/div>\n\t\t\t\t<div class=\"elementor-element elementor-element-7581bb1 elementor-widget elementor-widget-topbar-icon-list\" data-id=\"7581bb1\" data-element_type=\"widget\" data-widget_type=\"topbar-icon-list.default\">\n\t\t\t\t<div class=\"elementor-widget-container\">\n\t\t\t \n\n        <div class=\"rt-features-list-content\">        \n\n               \n                    <ul class=\"rt-features-list\">\n                       \n                            <li>\n                                                                    <div class=\"icon\"><i aria-hidden=\"true\" class=\"rt rt-check\"><\/i><\/div>\n                                    \n                                                                                                <div class=\"query-list\">\n\n                                    <span class=\"sub-text\">Contamos con una alta calidad en cada producto que ofrecemos.<\/span>\n\n                                                                            <span class=\"text-heading\"><\/span>\n\n                                                                    <\/div>\n                                \n                            <\/li>\n                       \n                    <\/ul>\n                          \n        <\/div>\n        \t\t<\/div>\n\t\t\t\t<\/div>\n\t\t\t\t<div class=\"elementor-element elementor-element-19377b2 elementor-widget elementor-widget-topbar-icon-list\" data-id=\"19377b2\" data-element_type=\"widget\" data-widget_type=\"topbar-icon-list.default\">\n\t\t\t\t<div class=\"elementor-widget-container\">\n\t\t\t \n\n        <div class=\"rt-features-list-content\">        \n\n               \n                    <ul class=\"rt-features-list\">\n                       \n                            <li>\n                                                                    <div class=\"icon\"><i aria-hidden=\"true\" class=\"rt rt-check\"><\/i><\/div>\n                                    \n                                                                                                <div class=\"query-list\">\n\n                                    <span class=\"sub-text\">Con cada pieza ofrecemos una experiencia \u00fanica. <\/span>\n\n                                                                            <span class=\"text-heading\"><\/span>\n\n                                                                    <\/div>\n                                \n                            <\/li>\n                       \n                    <\/ul>\n                          \n        <\/div>\n        \t\t<\/div>\n\t\t\t\t<\/div>\n\t\t\t\t<div class=\"elementor-element elementor-element-86c771e elementor-widget elementor-widget-topbar-icon-list\" data-id=\"86c771e\" data-element_type=\"widget\" data-widget_type=\"topbar-icon-list.default\">\n\t\t\t\t<div class=\"elementor-widget-container\">\n\t\t\t \n\n        <div class=\"rt-features-list-content\">        \n\n               \n                    <ul class=\"rt-features-list\">\n                       \n                            <li>\n                                                                    <div class=\"icon\"><i aria-hidden=\"true\" class=\"rt rt-check\"><\/i><\/div>\n                                    \n                                                                                                <div class=\"query-list\">\n\n                                    <span class=\"sub-text\">Son piezas elaboradas de forma \u00fanica, exaltando la cultura colombiana y su diversidad. <\/span>\n\n                                                                            <span class=\"text-heading\"><\/span>\n\n                                                                    <\/div>\n                                \n                            <\/li>\n                       \n                    <\/ul>\n                          \n        <\/div>\n        \t\t<\/div>\n\t\t\t\t<\/div>\n\t\t\t\t<div class=\"elementor-element elementor-element-40f1f73 elementor-widget elementor-widget-button\" data-id=\"40f1f73\" data-element_type=\"widget\" data-widget_type=\"button.default\">\n\t\t\t\t<div class=\"elementor-widget-container\">\n\t\t\t\t\t<div class=\"elementor-button-wrapper\">\n\t\t\t<a href=\"https:\/\/artesaniasbatan.com.co\/contacto\" class=\"elementor-button-link elementor-button elementor-size-sm\" role=\"button\">\n\t\t\t\t\t\t<span class=\"elementor-button-content-wrapper\">\n\t\t\t\t\t\t<span class=\"elementor-button-text\">Contactenos<\/span>\n\t\t<\/span>\n\t\t\t\t\t<\/a>\n\t\t<\/div>\n\t\t\t\t<\/div>\n\t\t\t\t<\/div>\n\t\t\t\t\t<\/div>\n\t\t<\/div>\n\t\t\t\t\t\t\t<\/div>\n\t\t<\/section>\n\t\t\t\t\t<\/div>\n\t\t<\/div>\n\t\t\t\t\t\t\t<\/div>\n\t\t<\/section>\n\t\t\t\t\t\t\t<\/div>\n\t\t","protected":false},"excerpt":{"rendered":"<p>Desde 1967 Sobre Nosotros Artesan\u00edas Bat\u00e1n naci\u00f3 en 1967 buscando traer una peque\u00f1a parte de cada rinc\u00f3n en Colombia junto a su cultura diversa y las piezas \u00fanicas en las regiones de nuestro pa\u00eds.&nbsp; Con cada pieza \u00fanica, buscando ofrecer una experiencia \u00fanica al cliente, logrando que se lleven una parte de Colombia con cada&#8230;<\/p>\n","protected":false},"author":1,"featured_media":0,"parent":0,"menu_order":0,"comment_status":"closed","ping_status":"closed","template":"","meta":{"om_disable_all_campaigns":false,"_mi_skip_tracking":false},"aioseo_notices":[],"_links":{"self":[{"href":"https:\/\/artesaniasbatan.com.co\/index.php\/wp-json\/wp\/v2\/pages\/7407"}],"collection":[{"href":"https:\/\/artesaniasbatan.com.co\/index.php\/wp-json\/wp\/v2\/pages"}],"about":[{"href":"https:\/\/artesaniasbatan.com.co\/index.php\/wp-json\/wp\/v2\/types\/page"}],"author":[{"embeddable":true,"href":"https:\/\/artesaniasbatan.com.co\/index.php\/wp-json\/wp\/v2\/users\/1"}],"replies":[{"embeddable":true,"href":"https:\/\/artesaniasbatan.com.co\/index.php\/wp-json\/wp\/v2\/comments?post=7407"}],"version-history":[{"count":9,"href":"https:\/\/artesaniasbatan.com.co\/index.php\/wp-json\/wp\/v2\/pages\/7407\/revisions"}],"predecessor-version":[{"id":14650,"href":"https:\/\/artesaniasbatan.com.co\/index.php\/wp-json\/wp\/v2\/pages\/7407\/revisions\/14650"}],"wp:attachment":[{"href":"https:\/\/artesaniasbatan.com.co\/index.php\/wp-json\/wp\/v2\/media?parent=7407"}],"curies":[{"name":"wp","href":"https:\/\/api.w.org\/{rel}","templated":true}]}}