{"id":24,"date":"2022-06-05T09:24:08","date_gmt":"2022-06-05T09:24:08","guid":{"rendered":"http:\/\/192.168.1.10\/umart\/?page_id=24"},"modified":"2025-09-30T17:56:29","modified_gmt":"2025-09-30T17:56:29","slug":"contacto","status":"publish","type":"page","link":"https:\/\/artesaniasbatan.com.co\/index.php\/contacto\/","title":{"rendered":"Contacto"},"content":{"rendered":"\t\t<div data-elementor-type=\"wp-page\" data-elementor-id=\"24\" class=\"elementor elementor-24\">\n\t\t\t\t\t\t\t\t\t<section class=\"elementor-section elementor-top-section elementor-element elementor-element-310c0b9 elementor-section-boxed elementor-section-height-default elementor-section-height-default\" data-id=\"310c0b9\" data-element_type=\"section\">\n\t\t\t\t\t\t<div class=\"elementor-container elementor-column-gap-default\">\n\t\t\t\t\t<div class=\"elementor-column elementor-col-50 elementor-top-column elementor-element elementor-element-8ad7eec\" data-id=\"8ad7eec\" data-element_type=\"column\">\n\t\t\t<div class=\"elementor-widget-wrap elementor-element-populated\">\n\t\t\t\t\t\t\t\t<div class=\"elementor-element elementor-element-a201ee0 elementor-widget elementor-widget-react-heading\" data-id=\"a201ee0\" data-element_type=\"widget\" data-widget_type=\"react-heading.default\">\n\t\t\t\t<div class=\"elementor-widget-container\">\n\t\t\t\t  \r\n        <div class=\"react-heading style13 left\">\r\n        \t<div class=\"title-inner \">        \t\t      \t\t\r\n\t            <div class=\"sub-content\"><img decoding=\"async\" class=\"line-1-img\" src=\"https:\/\/reactheme.com\/products\/wordpress\/weiboo\/wp-content\/uploads\/2022\/08\/wvbo-icon.png\" alt=\"title-image\" \/><span class=\"sub-text \">Contactanos<\/span><\/div><h2 class=\"title\"><span class=\"watermark\"><\/span>D\u00e9janos tus comentarios<\/h2>\t        <\/div>\r\n\t        \r\n\t            \r\n        <\/div>\r\n        \t\t<\/div>\n\t\t\t\t<\/div>\n\t\t\t\t<div class=\"elementor-element elementor-element-646002d elementor-widget elementor-widget-rt-cf7\" data-id=\"646002d\" data-element_type=\"widget\" data-widget_type=\"rt-cf7.default\">\n\t\t\t\t<div class=\"elementor-widget-container\">\n\t\t\t<div class=\"form_btn_\"><div role=\"form\" class=\"wpcf7\" id=\"wpcf7-f7806-o1\" lang=\"en-US\" dir=\"ltr\">\n<div class=\"screen-reader-response\"><p role=\"status\" aria-live=\"polite\" aria-atomic=\"true\"><\/p> <ul><\/ul><\/div>\n<form action=\"\/index.php\/wp-json\/wp\/v2\/pages\/24#wpcf7-f7806-o1\" method=\"post\" class=\"wpcf7-form init\" novalidate=\"novalidate\" data-status=\"init\">\n<div style=\"display: none;\">\n<input type=\"hidden\" name=\"_wpcf7\" value=\"7806\" \/>\n<input type=\"hidden\" name=\"_wpcf7_version\" value=\"5.6.4\" \/>\n<input type=\"hidden\" name=\"_wpcf7_locale\" value=\"en_US\" \/>\n<input type=\"hidden\" name=\"_wpcf7_unit_tag\" value=\"wpcf7-f7806-o1\" \/>\n<input type=\"hidden\" name=\"_wpcf7_container_post\" value=\"0\" \/>\n<input type=\"hidden\" name=\"_wpcf7_posted_data_hash\" value=\"\" \/>\n<input type=\"hidden\" name=\"_wpcf7_recaptcha_response\" value=\"\" \/>\n<\/div>\n<div class=\"row\">\n<div class=\"col-lg-6 col-md-6\">\n<div class=\"input-box\">\n\t\t\t<span class=\"wpcf7-form-control-wrap\" data-name=\"your-name\"><input type=\"text\" name=\"your-name\" value=\"\" size=\"40\" class=\"wpcf7-form-control wpcf7-text wpcf7-validates-as-required\" aria-required=\"true\" aria-invalid=\"false\" placeholder=\"Nombre\" \/><\/span>\n\t\t<\/div>\n<\/div>\n<div class=\"col-lg-6 col-md-6\">\n<div class=\"input-box mail\">\n\t\t\t<span class=\"wpcf7-form-control-wrap\" data-name=\"your-email\"><input type=\"email\" name=\"your-email\" value=\"\" size=\"40\" class=\"wpcf7-form-control wpcf7-text wpcf7-email wpcf7-validates-as-required wpcf7-validates-as-email\" aria-required=\"true\" aria-invalid=\"false\" placeholder=\"Email\" \/><\/span>\n\t\t<\/div>\n<\/div>\n<div class=\"col-lg-6 col-md-6\">\n<div class=\"input-box subject\">\n\t\t\t<span class=\"wpcf7-form-control-wrap\" data-name=\"your-subject\"><input type=\"text\" name=\"your-subject\" value=\"\" size=\"40\" class=\"wpcf7-form-control wpcf7-text wpcf7-validates-as-required\" aria-required=\"true\" aria-invalid=\"false\" placeholder=\"Celular\" \/><\/span>\n\t\t<\/div>\n<\/div>\n<div class=\"col-lg-6 col-md-6\">\n<div class=\"input-box subject\">\n\t\t\t<span class=\"wpcf7-form-control-wrap\" data-name=\"your-subject\"><input type=\"text\" name=\"your-subject\" value=\"\" size=\"40\" class=\"wpcf7-form-control wpcf7-text wpcf7-validates-as-required\" aria-required=\"true\" aria-invalid=\"false\" placeholder=\"Asunto\" \/><\/span>\n\t\t<\/div>\n<\/div>\n<div class=\"col-12\">\n<div class=\"input-box text-area\">\n\t\t<span class=\"wpcf7-form-control-wrap\" data-name=\"your-message\"><textarea name=\"your-message\" cols=\"40\" rows=\"10\" class=\"wpcf7-form-control wpcf7-textarea\" aria-invalid=\"false\" placeholder=\"Ingresa aqu\u00ed tu mensaje\"><\/textarea><\/span>\n\t\t<\/div>\n<\/div>\n<div class=\"col-6\">\n<span><input type=\"submit\" value=\"Enviar\" class=\"wpcf7-form-control has-spinner wpcf7-submit\" \/><\/span>\n<\/div>\n<\/div>\n<div class=\"wpcf7-response-output\" aria-hidden=\"true\"><\/div><\/form><\/div><\/div>\t\t<\/div>\n\t\t\t\t<\/div>\n\t\t\t\t\t<\/div>\n\t\t<\/div>\n\t\t\t\t<div class=\"elementor-column elementor-col-50 elementor-top-column elementor-element elementor-element-0d46bd0\" data-id=\"0d46bd0\" data-element_type=\"column\">\n\t\t\t<div class=\"elementor-widget-wrap elementor-element-populated\">\n\t\t\t\t\t\t\t\t<section class=\"elementor-section elementor-inner-section elementor-element elementor-element-137db56 elementor-section-boxed elementor-section-height-default elementor-section-height-default\" data-id=\"137db56\" data-element_type=\"section\" data-settings=\"{&quot;background_background&quot;:&quot;classic&quot;}\">\n\t\t\t\t\t\t<div class=\"elementor-container elementor-column-gap-default\">\n\t\t\t\t\t<div class=\"elementor-column elementor-col-100 elementor-inner-column elementor-element elementor-element-3e150c5\" data-id=\"3e150c5\" data-element_type=\"column\" data-settings=\"{&quot;background_background&quot;:&quot;classic&quot;}\">\n\t\t\t<div class=\"elementor-widget-wrap elementor-element-populated\">\n\t\t\t\t\t\t\t\t<div class=\"elementor-element elementor-element-4f4b85e elementor-widget elementor-widget-heading\" data-id=\"4f4b85e\" data-element_type=\"widget\" data-widget_type=\"heading.default\">\n\t\t\t\t<div class=\"elementor-widget-container\">\n\t\t\t<style>\/*! elementor - v3.8.1 - 13-11-2022 *\/\n.elementor-heading-title{padding:0;margin:0;line-height:1}.elementor-widget-heading .elementor-heading-title[class*=elementor-size-]>a{color:inherit;font-size:inherit;line-height:inherit}.elementor-widget-heading .elementor-heading-title.elementor-size-small{font-size:15px}.elementor-widget-heading .elementor-heading-title.elementor-size-medium{font-size:19px}.elementor-widget-heading .elementor-heading-title.elementor-size-large{font-size:29px}.elementor-widget-heading .elementor-heading-title.elementor-size-xl{font-size:39px}.elementor-widget-heading .elementor-heading-title.elementor-size-xxl{font-size:59px}<\/style><h2 class=\"elementor-heading-title elementor-size-default\">Ubicaci\u00f3n<\/h2>\t\t<\/div>\n\t\t\t\t<\/div>\n\t\t\t\t<div class=\"elementor-element elementor-element-fda3de6 elementor-widget elementor-widget-topbar-icon-list\" data-id=\"fda3de6\" data-element_type=\"widget\" data-widget_type=\"topbar-icon-list.default\">\n\t\t\t\t<div class=\"elementor-widget-container\">\n\t\t\t \n\n        <div class=\"rt-features-list-content\">        \n\n               \n                    <ul class=\"rt-features-list\">\n                       \n                            <li>\n                                                                    <div class=\"icon\"><i aria-hidden=\"true\" class=\"rt rt-location-dot\"><\/i><\/div>\n                                    \n                                                                                                <div class=\"query-list\">\n\n                                    <span class=\"sub-text\">Carrera 15 # 75-70 Bogot\u00e1 - Colombia<\/span>\n\n                                                                            <span class=\"text-heading\"><\/span>\n\n                                                                    <\/div>\n                                \n                            <\/li>\n                       \n                    <\/ul>\n                          \n        <\/div>\n        \t\t<\/div>\n\t\t\t\t<\/div>\n\t\t\t\t<div class=\"elementor-element elementor-element-ac60223 elementor-widget elementor-widget-topbar-icon-list\" data-id=\"ac60223\" data-element_type=\"widget\" data-widget_type=\"topbar-icon-list.default\">\n\t\t\t\t<div class=\"elementor-widget-container\">\n\t\t\t \n\n        <div class=\"rt-features-list-content\">        \n\n               \n                    <ul class=\"rt-features-list\">\n                       \n                            <li>\n                                                                    <div class=\"icon\"><i aria-hidden=\"true\" class=\"rt rt-phone-flip\"><\/i><\/div>\n                                    \n                                                                                                <div class=\"query-list\">\n\n                                    <span class=\"sub-text\">(+57) 320 9632415 - (+57) 315 8530290<\/span>\n\n                                                                            <span class=\"text-heading\"><\/span>\n\n                                                                    <\/div>\n                                \n                            <\/li>\n                       \n                    <\/ul>\n                          \n        <\/div>\n        \t\t<\/div>\n\t\t\t\t<\/div>\n\t\t\t\t<div class=\"elementor-element elementor-element-f8062c8 elementor-widget elementor-widget-topbar-icon-list\" data-id=\"f8062c8\" data-element_type=\"widget\" data-widget_type=\"topbar-icon-list.default\">\n\t\t\t\t<div class=\"elementor-widget-container\">\n\t\t\t \n\n        <div class=\"rt-features-list-content\">        \n\n               \n                    <ul class=\"rt-features-list\">\n                       \n                            <li>\n                                                                    <div class=\"icon\"><i aria-hidden=\"true\" class=\"far fa-clock\"><\/i><\/div>\n                                    \n                                                                                                <div class=\"query-list\">\n\n                                    <span class=\"sub-text\">L-D 8:00am - 6:00 pm<\/span>\n\n                                                                            <span class=\"text-heading\"><\/span>\n\n                                                                    <\/div>\n                                \n                            <\/li>\n                       \n                    <\/ul>\n                          \n        <\/div>\n        \t\t<\/div>\n\t\t\t\t<\/div>\n\t\t\t\t<div class=\"elementor-element elementor-element-6d69b21 elementor-widget elementor-widget-topbar-icon-list\" data-id=\"6d69b21\" data-element_type=\"widget\" data-widget_type=\"topbar-icon-list.default\">\n\t\t\t\t<div class=\"elementor-widget-container\">\n\t\t\t \n\n        <div class=\"rt-features-list-content\">        \n\n               \n                    <ul class=\"rt-features-list\">\n                       \n                            <li>\n                                                                    <div class=\"icon\"><i aria-hidden=\"true\" class=\"fas fa-mail-bulk\"><\/i><\/div>\n                                    \n                                                                                                <div class=\"query-list\">\n\n                                    <span class=\"sub-text\">ventas@artesaniasbatan.com.co<\/span>\n\n                                                                            <span class=\"text-heading\"><\/span>\n\n                                                                    <\/div>\n                                \n                            <\/li>\n                       \n                    <\/ul>\n                          \n        <\/div>\n        \t\t<\/div>\n\t\t\t\t<\/div>\n\t\t\t\t\t<\/div>\n\t\t<\/div>\n\t\t\t\t\t\t\t<\/div>\n\t\t<\/section>\n\t\t\t\t<section class=\"elementor-section elementor-inner-section elementor-element elementor-element-7aafa5f elementor-section-boxed elementor-section-height-default elementor-section-height-default\" data-id=\"7aafa5f\" data-element_type=\"section\">\n\t\t\t\t\t\t<div class=\"elementor-container elementor-column-gap-default\">\n\t\t\t\t\t<div class=\"elementor-column elementor-col-100 elementor-inner-column elementor-element elementor-element-48aa20f\" data-id=\"48aa20f\" data-element_type=\"column\">\n\t\t\t<div class=\"elementor-widget-wrap elementor-element-populated\">\n\t\t\t\t\t\t\t\t<div class=\"elementor-element elementor-element-4d6f99a elementor-widget elementor-widget-react-button\" data-id=\"4d6f99a\" data-element_type=\"widget\" data-widget_type=\"react-button.default\">\n\t\t\t\t<div class=\"elementor-widget-container\">\n\t\t\t\t\r\n\t\t\r\n\t\t<div class=\"react-button\">\r\n\t\t\t\t\t\t<a class=\"react_button center\" href=\"http:\/\/573209632415\" >\t\t\t\t\r\n\t\t\t\r\n\t\t\t\t\r\n\t\t\t<span class=\"btn_text\">Llamar<\/span>\r\n\t\t\t\t\t\t\t\t\t<i aria-hidden=\"true\" class=\"fas fa-headphones-alt\"><\/i>\t\t\t\t\r\n\t\t\t\t\t\t\t<\/a>\r\n\t\t<\/div>    \r\n\t\t\t<\/div>\n\t\t\t\t<\/div>\n\t\t\t\t\t<\/div>\n\t\t<\/div>\n\t\t\t\t\t\t\t<\/div>\n\t\t<\/section>\n\t\t\t\t<section class=\"elementor-section elementor-inner-section elementor-element elementor-element-1fa2eab elementor-section-boxed elementor-section-height-default elementor-section-height-default\" data-id=\"1fa2eab\" data-element_type=\"section\">\n\t\t\t\t\t\t<div class=\"elementor-container elementor-column-gap-default\">\n\t\t\t\t\t<div class=\"elementor-column elementor-col-100 elementor-inner-column elementor-element elementor-element-1182288\" data-id=\"1182288\" data-element_type=\"column\">\n\t\t\t<div class=\"elementor-widget-wrap elementor-element-populated\">\n\t\t\t\t\t\t\t\t<div class=\"elementor-element elementor-element-f1f6d5f elementor-widget elementor-widget-react-button\" data-id=\"f1f6d5f\" data-element_type=\"widget\" data-widget_type=\"react-button.default\">\n\t\t\t\t<div class=\"elementor-widget-container\">\n\t\t\t\t\r\n\t\t\r\n\t\t<div class=\"react-button\">\r\n\t\t\t\t\t\t<a class=\"react_button center\" href=\"https:\/\/www.google.com\/maps\/place\/Artesan%C3%ADas+El+Bat%C3%A1n\/@4.6627146,-74.0594471,15z\/data=!4m6!3m5!1s0x8e3f9be13ee7c329:0xb3a1f243267c78e!8m2!3d4.6627146!4d-74.0594471!16s%2Fg%2F11fl0y77rw\" >\t\t\t\t\r\n\t\t\t\r\n\t\t\t\t\r\n\t\t\t<span class=\"btn_text\">Obtener ubicaci\u00f3n<\/span>\r\n\t\t\t\t\t\t\t\t\t<i aria-hidden=\"true\" class=\"rt rt-location-dot\"><\/i>\t\t\t\t\r\n\t\t\t\t\t\t\t<\/a>\r\n\t\t<\/div>    \r\n\t\t\t<\/div>\n\t\t\t\t<\/div>\n\t\t\t\t\t<\/div>\n\t\t<\/div>\n\t\t\t\t\t\t\t<\/div>\n\t\t<\/section>\n\t\t\t\t\t<\/div>\n\t\t<\/div>\n\t\t\t\t\t\t\t<\/div>\n\t\t<\/section>\n\t\t\t\t<section class=\"elementor-section elementor-top-section elementor-element elementor-element-99e1ee4 elementor-section-full_width elementor-section-stretched elementor-section-height-default elementor-section-height-default\" data-id=\"99e1ee4\" data-element_type=\"section\" data-settings=\"{&quot;stretch_section&quot;:&quot;section-stretched&quot;}\">\n\t\t\t\t\t\t<div class=\"elementor-container elementor-column-gap-no\">\n\t\t\t\t\t<div class=\"elementor-column elementor-col-100 elementor-top-column elementor-element elementor-element-89f35b0\" data-id=\"89f35b0\" data-element_type=\"column\">\n\t\t\t<div class=\"elementor-widget-wrap elementor-element-populated\">\n\t\t\t\t\t\t\t\t<div class=\"elementor-element elementor-element-8258ed4 elementor-widget elementor-widget-google_maps\" data-id=\"8258ed4\" data-element_type=\"widget\" data-widget_type=\"google_maps.default\">\n\t\t\t\t<div class=\"elementor-widget-container\">\n\t\t\t<style>\/*! elementor - v3.8.1 - 13-11-2022 *\/\n.elementor-widget-google_maps .elementor-widget-container{overflow:hidden}.elementor-widget-google_maps iframe{height:300px}<\/style>\t\t<div class=\"elementor-custom-embed\">\n\t\t\t<iframe frameborder=\"0\" scrolling=\"no\" marginheight=\"0\" marginwidth=\"0\"\n\t\t\t\t\tsrc=\"https:\/\/maps.google.com\/maps?q=Carrera%2015%20%23%2075-70%20Bogot%C3%A1%20-%20Colombia&#038;t=m&#038;z=15&#038;output=embed&#038;iwloc=near\"\n\t\t\t\t\ttitle=\"Carrera 15 # 75-70 Bogot\u00e1 - Colombia\"\n\t\t\t\t\taria-label=\"Carrera 15 # 75-70 Bogot\u00e1 - Colombia\"\n\t\t\t><\/iframe>\n\t\t<\/div>\n\t\t\t\t<\/div>\n\t\t\t\t<\/div>\n\t\t\t\t\t<\/div>\n\t\t<\/div>\n\t\t\t\t\t\t\t<\/div>\n\t\t<\/section>\n\t\t\t\t\t\t\t<\/div>\n\t\t","protected":false},"excerpt":{"rendered":"<p>Contactanos D\u00e9janos tus comentarios Ubicaci\u00f3n Carrera 15 # 75-70 Bogot\u00e1 &#8211; Colombia (+57) 320 9632415 &#8211; (+57) 315 8530290 L-D 8:00am &#8211; 6:00 pm ventas@artesaniasbatan.com.co Llamar Obtener ubicaci\u00f3n<\/p>\n","protected":false},"author":1,"featured_media":0,"parent":0,"menu_order":0,"comment_status":"closed","ping_status":"closed","template":"","meta":{"om_disable_all_campaigns":false,"_mi_skip_tracking":false},"aioseo_notices":[],"_links":{"self":[{"href":"https:\/\/artesaniasbatan.com.co\/index.php\/wp-json\/wp\/v2\/pages\/24"}],"collection":[{"href":"https:\/\/artesaniasbatan.com.co\/index.php\/wp-json\/wp\/v2\/pages"}],"about":[{"href":"https:\/\/artesaniasbatan.com.co\/index.php\/wp-json\/wp\/v2\/types\/page"}],"author":[{"embeddable":true,"href":"https:\/\/artesaniasbatan.com.co\/index.php\/wp-json\/wp\/v2\/users\/1"}],"replies":[{"embeddable":true,"href":"https:\/\/artesaniasbatan.com.co\/index.php\/wp-json\/wp\/v2\/comments?post=24"}],"version-history":[{"count":25,"href":"https:\/\/artesaniasbatan.com.co\/index.php\/wp-json\/wp\/v2\/pages\/24\/revisions"}],"predecessor-version":[{"id":15505,"href":"https:\/\/artesaniasbatan.com.co\/index.php\/wp-json\/wp\/v2\/pages\/24\/revisions\/15505"}],"wp:attachment":[{"href":"https:\/\/artesaniasbatan.com.co\/index.php\/wp-json\/wp\/v2\/media?parent=24"}],"curies":[{"name":"wp","href":"https:\/\/api.w.org\/{rel}","templated":true}]}}